{"id":257,"date":"2019-12-06T12:10:10","date_gmt":"2019-12-06T11:10:10","guid":{"rendered":"https:\/\/www.bastelstube.wien\/plexxart\/?page_id=257"},"modified":"2022-10-31T11:06:22","modified_gmt":"2022-10-31T10:06:22","slug":"auswahl-einiger-unserer-arbeiten","status":"publish","type":"page","link":"https:\/\/www.bastelstube.wien\/plexxart\/auswahl-einiger-unserer-arbeiten\/","title":{"rendered":"Auswahl einiger unserer Arbeiten"},"content":{"rendered":"\n<div class=\"wp-block-media-text alignwide is-stacked-on-mobile is-vertically-aligned-center zoooom\"><figure class=\"wp-block-media-text__media\"><img loading=\"lazy\" decoding=\"async\" width=\"1000\" height=\"641\" src=\"https:\/\/www.bastelstube.wien\/plexxart\/wp-content\/uploads\/2020\/01\/Monitorhalterung-1.jpg\" alt=\"\" class=\"wp-image-1204 size-full\" srcset=\"https:\/\/www.bastelstube.wien\/plexxart\/wp-content\/uploads\/2020\/01\/Monitorhalterung-1.jpg 1000w, https:\/\/www.bastelstube.wien\/plexxart\/wp-content\/uploads\/2020\/01\/Monitorhalterung-1-300x192.jpg 300w, https:\/\/www.bastelstube.wien\/plexxart\/wp-content\/uploads\/2020\/01\/Monitorhalterung-1-768x492.jpg 768w\" sizes=\"auto, (max-width: 1000px) 100vw, 1000px\" \/><\/figure><div class=\"wp-block-media-text__content\">\n<p>Auch noch interessant ist die <font size=\"6\"><strong><span style=\"color: #FACC2E;\"><a rel=\"noreferrer noopener\" aria-label=\"Monitor Halterung (opens in a new tab)\" href=\"https:\/\/www.bastelstube.wien\/plexxart\/monitor-halterung\/\" target=\"_blank\"><span style=\"color: #fcb900;\" class=\"ugb-highlight\">Monitor Halterung<\/span><\/a><\/span><\/strong><\/font> habe ich vor ca 1 Jahr mit einem Kollegen zusammen entwickelt. Er hatte den Wunsch bei sehr hoch ausgefahrenen Stativen noch immer ohne sich den Hals zu verrenken, das Stativ bzw. den Stativkopf bedienen zu k\u00f6nnen. Diese Halterung wird also bei dem Schwenkkopf zwischen den beiden Schwenkarmen geklemmt. Auf dem Kugelkopf wird dann ein Monitor montiert.<\/p>\n<\/div><\/div>\n\n\n\n<div class=\"wp-block-media-text alignwide is-stacked-on-mobile zoooom\"><figure class=\"wp-block-media-text__media\"><img loading=\"lazy\" decoding=\"async\" width=\"1000\" height=\"651\" src=\"https:\/\/www.bastelstube.wien\/plexxart\/wp-content\/uploads\/2020\/01\/5-Zeiss-Objektive.jpg\" alt=\"\" class=\"wp-image-1202 size-full\" srcset=\"https:\/\/www.bastelstube.wien\/plexxart\/wp-content\/uploads\/2020\/01\/5-Zeiss-Objektive.jpg 1000w, https:\/\/www.bastelstube.wien\/plexxart\/wp-content\/uploads\/2020\/01\/5-Zeiss-Objektive-300x195.jpg 300w, https:\/\/www.bastelstube.wien\/plexxart\/wp-content\/uploads\/2020\/01\/5-Zeiss-Objektive-768x500.jpg 768w\" sizes=\"auto, (max-width: 1000px) 100vw, 1000px\" \/><\/figure><div class=\"wp-block-media-text__content\">\n<p>Auch noch interessant sind die<font size=\"6\"><strong><span style=\"color: #FACC2E;\"> <a rel=\"noreferrer noopener\" aria-label=\"Zahnradringe (opens in a new tab)\" href=\"https:\/\/www.bastelstube.wien\/plexxart\/zahnradringe-zooms-fixoptiken\/\" target=\"_blank\"><span style=\"color: #fcb900;\" class=\"ugb-highlight\">Zahnradringe<\/span><\/a> <\/span><\/strong><\/font> aus eigener Produktion.<br>Diese Zahnradringe k\u00f6nnen von uns im Modul 0,5 \/ 0,6 \/ 0,7 und 0,8 (Cine) gefr\u00e4st werden. Das Material hierbei ist immer der Kunststoff Delrin oder auch Pom genannt. Auch Aluminium ist m\u00f6glich !<\/p>\n<\/div><\/div>\n\n\n\n<div class=\"wp-block-media-text alignwide is-stacked-on-mobile zoooom\"><figure class=\"wp-block-media-text__media\"><img loading=\"lazy\" decoding=\"async\" width=\"800\" height=\"600\" src=\"https:\/\/www.bastelstube.wien\/plexxart\/wp-content\/uploads\/2020\/01\/Fahrrad29.jpg\" alt=\"\" class=\"wp-image-916 size-full\" srcset=\"https:\/\/www.bastelstube.wien\/plexxart\/wp-content\/uploads\/2020\/01\/Fahrrad29.jpg 800w, https:\/\/www.bastelstube.wien\/plexxart\/wp-content\/uploads\/2020\/01\/Fahrrad29-300x225.jpg 300w, https:\/\/www.bastelstube.wien\/plexxart\/wp-content\/uploads\/2020\/01\/Fahrrad29-768x576.jpg 768w\" sizes=\"auto, (max-width: 800px) 100vw, 800px\" \/><\/figure><div class=\"wp-block-media-text__content\">\n<p class=\"zoooom\">Ein <font size=\"6\"><strong><a rel=\"noreferrer noopener\" aria-label=\"Fahrrad Kamerarig (opens in a new tab)\" href=\"https:\/\/www.bastelstube.wien\/plexxart\/kamera-fahrradrig\/\" target=\"_blank\"><span style=\"color: #fcb900;\" class=\"ugb-highlight\">Fahrrad Kamerarig<\/span><\/a><span style=\"color: #FACC2E;\" class=\"ugb-highlight\"> <\/span><\/strong><\/font>habe ich f\u00fcr die <a rel=\"noreferrer noopener\" aria-label=\"Nanookfilm (opens in a new tab)\" href=\"http:\/\/www.nanookfilm.com\" target=\"_blank\">Nanookfilm<\/a> f\u00fcr einen Spielfilm gefertigt. Als Betatester fungiert hier <a rel=\"noreferrer noopener\" aria-label=\"Regisseur Pfaundler (opens in a new tab)\" href=\"https:\/\/www.austrian-directors.com\/mitglieder\/pfaundler-caspar\/\" target=\"_blank\">Regisseur Pfaundler<\/a>. Hinten beim Einstellen der Kamera ist Kameramann Peter R\u00f6hsler.<\/p>\n<\/div><\/div>\n\n\n\n<div class=\"wp-block-media-text alignwide is-stacked-on-mobile zoooom\"><figure class=\"wp-block-media-text__media\"><img loading=\"lazy\" decoding=\"async\" width=\"1024\" height=\"768\" src=\"https:\/\/www.bastelstube.wien\/plexxart\/wp-content\/uploads\/2019\/12\/Kopfkamera-1024x768.jpg\" alt=\"\" class=\"wp-image-578 size-full\" srcset=\"https:\/\/www.bastelstube.wien\/plexxart\/wp-content\/uploads\/2019\/12\/Kopfkamera-1024x768.jpg 1024w, https:\/\/www.bastelstube.wien\/plexxart\/wp-content\/uploads\/2019\/12\/Kopfkamera-300x225.jpg 300w, https:\/\/www.bastelstube.wien\/plexxart\/wp-content\/uploads\/2019\/12\/Kopfkamera-768x576.jpg 768w, https:\/\/www.bastelstube.wien\/plexxart\/wp-content\/uploads\/2019\/12\/Kopfkamera.jpg 1086w\" sizes=\"auto, (max-width: 1024px) 100vw, 1024px\" \/><\/figure><div class=\"wp-block-media-text__content\">\n<p>F\u00fcr die <a rel=\"noreferrer noopener\" aria-label=\"Malek Filmproduktion (opens in a new tab)\" href=\"http:\/\/www.malek.at\" target=\"_blank\">Malek Filmproduktion<\/a> habe ich ein <font size=\"6\"><strong><span style=\"color: #FACC2E;\"> <a href=\"https:\/\/www.bastelstube.wien\/plexxart\/kamera-kopfgeruest\/\" target=\"_blank\" rel=\"noreferrer noopener\" aria-label=\" (opens in a new tab)\"><span style=\"color: #fcb900;\" class=\"ugb-highlight\">Kamera Kopfger\u00fcst<\/span><\/a><\/span><\/strong><\/font> gefertigt. Dieses wird bei Knieoperationen eingesetzt und die Kamera kann aus der Ferne von einem Operator von oben nach unten und umgekehrt, geschwenkt werden.<\/p>\n<\/div><\/div>\n\n\n\n<div class=\"wp-block-media-text alignwide is-stacked-on-mobile zoooom\"><figure class=\"wp-block-media-text__media\"><img loading=\"lazy\" decoding=\"async\" width=\"1000\" height=\"600\" src=\"https:\/\/www.bastelstube.wien\/plexxart\/wp-content\/uploads\/2020\/01\/Winkel2.jpeg\" alt=\"\" class=\"wp-image-951 size-full\" srcset=\"https:\/\/www.bastelstube.wien\/plexxart\/wp-content\/uploads\/2020\/01\/Winkel2.jpeg 1000w, https:\/\/www.bastelstube.wien\/plexxart\/wp-content\/uploads\/2020\/01\/Winkel2-300x180.jpeg 300w, https:\/\/www.bastelstube.wien\/plexxart\/wp-content\/uploads\/2020\/01\/Winkel2-768x461.jpeg 768w\" sizes=\"auto, (max-width: 1000px) 100vw, 1000px\" \/><\/figure><div class=\"wp-block-media-text__content\">\n<p> F\u00fcr die Wiener Av-Ger\u00e4teverleihfirma <a rel=\"noreferrer noopener\" href=\"https:\/\/www.avpro.at\/de\" target=\"_blank\">Firma Av Pro<\/a> habe ich diesen <font size=\"6\"><strong><span style=\"color: #FACC2E;\" class=\"ugb-highlight\"> Kamera Hochstellwinkel<\/span><\/strong><\/font> hergestellt. Dieser Winkel wurde letztens f\u00fcr die \u00dcbertragung einer  Modeschau eingesetzt.<br>Durch das Hochformat werden die einzelnen Mannequins besser bei einer m\u00f6glichen  Videoprojektion dargestellt.<\/p>\n<\/div><\/div>\n\n\n\n<div class=\"wp-block-media-text alignwide is-stacked-on-mobile zoooom window left-side\"><figure class=\"wp-block-media-text__media\"><img loading=\"lazy\" decoding=\"async\" width=\"800\" height=\"600\" src=\"https:\/\/www.bastelstube.wien\/plexxart\/wp-content\/uploads\/2019\/12\/Casuki_Standard.jpg\" alt=\"\" class=\"wp-image-264 size-full\" srcset=\"https:\/\/www.bastelstube.wien\/plexxart\/wp-content\/uploads\/2019\/12\/Casuki_Standard.jpg 800w, https:\/\/www.bastelstube.wien\/plexxart\/wp-content\/uploads\/2019\/12\/Casuki_Standard-300x225.jpg 300w, https:\/\/www.bastelstube.wien\/plexxart\/wp-content\/uploads\/2019\/12\/Casuki_Standard-768x576.jpg 768w\" sizes=\"auto, (max-width: 800px) 100vw, 800px\" \/><\/figure><div class=\"wp-block-media-text__content\">\n<p>Weil doch einige Kollegen durch das Fehlen von diesen Keilplattenschrauben verzweifelt sind, habe ich ein sogenanntes <font size=\"6\"><strong><span style=\"color: #FACC2E;\" class=\"ugb-highlight\"> Casuki Set <\/span><\/strong><\/font> entworfen, wo eine 1\/4 Zoll und eine 3\/8 Zoll Schraube samt Pl\u00e4ttchen angeboten wurde.<\/p>\n<\/div><\/div>\n\n\n\n<p class=\"has-medium-font-size\">Wer an den hier gezeigten Sachen Interesse hat, oder etwas \u00e4hnliches ben\u00f6tigt, der m\u00f6ge uns bitte \u00fcber das <a rel=\"noreferrer noopener\" aria-label=\"Kontaktformular (opens in a new tab)\" href=\"https:\/\/www.bastelstube.wien\/plexxart\/contact\/\" target=\"_blank\">Kontaktformular<\/a> anschreiben !<\/p>\n","protected":false},"excerpt":{"rendered":"<p>Auch noch interessant ist die Monitor Halterung habe ich vor ca 1 Jahr mit einem Kollegen zusammen entwickelt. Er hatte den Wunsch bei sehr hoch ausgefahrenen Stativen noch immer ohne sich den Hals zu verrenken, das Stativ bzw. den Stativkopf bedienen zu k\u00f6nnen. Diese Halterung wird also bei dem Schwenkkopf zwischen den beiden Schwenkarmen geklemmt. &hellip; <\/p>\n<p><a class=\"more-link btn\" href=\"https:\/\/www.bastelstube.wien\/plexxart\/auswahl-einiger-unserer-arbeiten\/\">Weiterlesen<\/a><\/p>\n","protected":false},"author":1,"featured_media":0,"parent":0,"menu_order":0,"comment_status":"open","ping_status":"closed","template":"","meta":{"_coblocks_attr":"","_coblocks_dimensions":"","_coblocks_responsive_height":"","_coblocks_accordion_ie_support":"","footnotes":""},"class_list":["post-257","page","type-page","status-publish","hentry","nodate","item-wrap"],"aioseo_notices":[],"_links":{"self":[{"href":"https:\/\/www.bastelstube.wien\/plexxart\/wp-json\/wp\/v2\/pages\/257","targetHints":{"allow":["GET"]}}],"collection":[{"href":"https:\/\/www.bastelstube.wien\/plexxart\/wp-json\/wp\/v2\/pages"}],"about":[{"href":"https:\/\/www.bastelstube.wien\/plexxart\/wp-json\/wp\/v2\/types\/page"}],"author":[{"embeddable":true,"href":"https:\/\/www.bastelstube.wien\/plexxart\/wp-json\/wp\/v2\/users\/1"}],"replies":[{"embeddable":true,"href":"https:\/\/www.bastelstube.wien\/plexxart\/wp-json\/wp\/v2\/comments?post=257"}],"version-history":[{"count":188,"href":"https:\/\/www.bastelstube.wien\/plexxart\/wp-json\/wp\/v2\/pages\/257\/revisions"}],"predecessor-version":[{"id":1483,"href":"https:\/\/www.bastelstube.wien\/plexxart\/wp-json\/wp\/v2\/pages\/257\/revisions\/1483"}],"wp:attachment":[{"href":"https:\/\/www.bastelstube.wien\/plexxart\/wp-json\/wp\/v2\/media?parent=257"}],"curies":[{"name":"wp","href":"https:\/\/api.w.org\/{rel}","templated":true}]}}