{"id":387,"date":"2019-12-10T12:32:32","date_gmt":"2019-12-10T11:32:32","guid":{"rendered":"https:\/\/www.bastelstube.wien\/plexxart\/?page_id=387"},"modified":"2020-01-09T11:52:08","modified_gmt":"2020-01-09T10:52:08","slug":"impressum","status":"publish","type":"page","link":"https:\/\/www.bastelstube.wien\/plexxart\/impressum\/","title":{"rendered":"Impressum"},"content":{"rendered":"\n<p>Offenlegungspflicht gem\u00e4\u00df \u00a7 25 Mediengesetz <br><br>Firma: Tutschka<br>Walter Tutschka<br>Ullmannstra\u00dfe 59 A \/ T 7<br>1150 Wien, <br>\u00d6sterreich<br><br><strong><a href=\"https:\/\/www.bastelstube.wien\/plexxart\/contact\/\">Kontakt<\/a><\/strong><a href=\"https:\/\/www.bastelstube.wien\/plexxart\/contact\/\"><br><\/a><br><strong>Unternehmensgegenstand:<\/strong> Werkstatt zur Erzeugung von Schauk\u00e4sten<br><strong>Berufsbezeichnung:<\/strong>  Metallbautechniker, Metallm\u00f6belschlosser, <br><strong>UID-Nummer:<\/strong> ATU 50510200 <br><strong>Mitglied bei:<\/strong> WKO, Landesinnung Wien<br><strong>Berufsbezeichnung:<\/strong>  Metallbautechniker, Metallm\u00f6belschlosser, <br><strong>Verleihungsstaat:<\/strong> \u00d6sterreich   <\/p>\n","protected":false},"excerpt":{"rendered":"<p>Offenlegungspflicht gem\u00e4\u00df \u00a7 25 Mediengesetz Firma: TutschkaWalter TutschkaUllmannstra\u00dfe 59 A \/ T 71150 Wien, \u00d6sterreich KontaktUnternehmensgegenstand: Werkstatt zur Erzeugung von Schauk\u00e4stenBerufsbezeichnung: Metallbautechniker, Metallm\u00f6belschlosser, UID-Nummer: ATU 50510200 Mitglied bei: WKO, Landesinnung WienBerufsbezeichnung: Metallbautechniker, Metallm\u00f6belschlosser, Verleihungsstaat: \u00d6sterreich<\/p>\n","protected":false},"author":1,"featured_media":0,"parent":0,"menu_order":0,"comment_status":"closed","ping_status":"closed","template":"template-onecolumn.php","meta":{"_coblocks_attr":"","_coblocks_dimensions":"","_coblocks_responsive_height":"","_coblocks_accordion_ie_support":"","footnotes":""},"class_list":["post-387","page","type-page","status-publish","hentry","nodate","item-wrap"],"aioseo_notices":[],"_links":{"self":[{"href":"https:\/\/www.bastelstube.wien\/plexxart\/wp-json\/wp\/v2\/pages\/387","targetHints":{"allow":["GET"]}}],"collection":[{"href":"https:\/\/www.bastelstube.wien\/plexxart\/wp-json\/wp\/v2\/pages"}],"about":[{"href":"https:\/\/www.bastelstube.wien\/plexxart\/wp-json\/wp\/v2\/types\/page"}],"author":[{"embeddable":true,"href":"https:\/\/www.bastelstube.wien\/plexxart\/wp-json\/wp\/v2\/users\/1"}],"replies":[{"embeddable":true,"href":"https:\/\/www.bastelstube.wien\/plexxart\/wp-json\/wp\/v2\/comments?post=387"}],"version-history":[{"count":11,"href":"https:\/\/www.bastelstube.wien\/plexxart\/wp-json\/wp\/v2\/pages\/387\/revisions"}],"predecessor-version":[{"id":1002,"href":"https:\/\/www.bastelstube.wien\/plexxart\/wp-json\/wp\/v2\/pages\/387\/revisions\/1002"}],"wp:attachment":[{"href":"https:\/\/www.bastelstube.wien\/plexxart\/wp-json\/wp\/v2\/media?parent=387"}],"curies":[{"name":"wp","href":"https:\/\/api.w.org\/{rel}","templated":true}]}}